{"id":660,"date":"2015-10-02T18:13:08","date_gmt":"2015-10-02T18:13:08","guid":{"rendered":"http:\/\/tecfa.unige.ch\/tecfa\/maltt\/VIP\/Wordpress\/?page_id=660"},"modified":"2021-09-12T20:51:43","modified_gmt":"2021-09-12T20:51:43","slug":"contact","status":"publish","type":"page","link":"https:\/\/tecfa.unige.ch\/jeux\/contact\/","title":{"rendered":"Contact"},"content":{"rendered":"<h1 class=\"centerSmall\" style=\"text-align: center;\"><img decoding=\"async\" style=\"display: inline; vertical-align: middle; margin-right: 20px;\" src=\"\/jeux\/wp-content\/uploads\/2015\/10\/quiSommesNous.svg\" alt=\"\" \/>Qui sommes-nous ?<\/h1>\n<p class=\"centerSmall\" style=\"font-size: 2rem; text-align: center;\"><a href=\"http:\/\/tecfa.unige.ch\">TECFA<\/a> est une unit\u00e9 active dans le domaine des technologies \u00e9ducatives, faisant partie de la Facult\u00e9 de Psychologie et des Sciences de l&rsquo;Education de l&rsquo;<a href=\"http:\/\/www.unige.ch\/\">Universit\u00e9 de Gen\u00e8ve<\/a>. Elle propose un programme de Master <a title=\"site du master\" href=\"http:\/\/tecfalabs.unige.ch\/maltt\/\">(MALTT)<\/a>, dont fait notamment partie le cours de conception de jeux vid\u00e9o p\u00e9dagogiques VIP.<\/p>\n<h1 id=\"idee-projet\" class=\"centerSmall\" style=\"text-align: center;\"><img decoding=\"async\" style=\"display: inline; vertical-align: middle; margin-right: 20px; width: 30px;\" src=\"\/jeux\/wp-content\/uploads\/2015\/10\/idea.png\" alt=\"\" \/>Une id\u00e9e de projet ?<\/h1>\n<p class=\"centerSmall\" style=\"font-size: 2rem; text-align: center;\">Dans le cadre de leur formation, les \u00e9tudiants du cours VIP participent \u00e0 des projets concrets de conception de serious game. Si vous avez un besoin de formation et souhaitez que nos \u00e9tudiants s\u2019y consacrent pour produire un jeu vid\u00e9o p\u00e9dagogique sur mesure, <a href=\"mailto:nicolas.szilas@unige.ch\">contactez-nous<\/a>.<\/p>\n<h1 class=\"centerSmall\" style=\"text-align: center;\"><img decoding=\"async\" style=\"display: inline; vertical-align: middle; margin-right: 20px; width: 50px;\" src=\"\/jeux\/wp-content\/uploads\/2015\/10\/team.png\" alt=\"\" \/>Responsables du site<\/h1>\n<p class=\"centerSmall\" style=\"font-size: 2rem; margin-bottom: 0.5rem ! important; text-align: center;\"><a href=\"mailto:nicolas.szilas@unige.ch\">Nicolas Szilas<\/a> &#8211; Enseignant<\/p>\n<p class=\"centerSmall\" style=\"font-size: 2rem; text-align: center;\"><a href=\"mailto:thi.le@unige.ch\">Thi Kim Oanh H\u00e9l\u00e8ne Le<\/a> &#8211; Assistante<\/p>\n<hr \/>\n<p style=\"text-align: center;\"><iframe src=\"https:\/\/maps.google.ch\/maps\/ms?oe=utf-8&amp;client=firefox-a&amp;ie=UTF8&amp;hl=fr&amp;msa=0&amp;msid=109223367456717021316.000461ebadf61ec7c460d&amp;ll=46.194983,6.140521&amp;spn=0.005199,0.00912&amp;z=16&amp;output=embed\" width=\"95%\" height=\"350\" frameborder=\"0\" marginwidth=\"0\" marginheight=\"0\" scrolling=\"no\"><\/iframe><br \/>\n<small>Afficher <a style=\"color: #0000ff; text-align: left;\" href=\"http:\/\/maps.google.ch\/maps\/ms?oe=utf-8&amp;client=firefox-a&amp;ie=UTF8&amp;hl=fr&amp;msa=0&amp;msid=109223367456717021316.000461ebadf61ec7c460d&amp;ll=46.194983,6.140521&amp;spn=0.005199,0.00912&amp;z=16&amp;source=embed\">Plan UNIGE<\/a> sur une carte plus grande<\/small><\/p>\n","protected":false},"excerpt":{"rendered":"<p>Qui sommes-nous ? TECFA est une unit\u00e9 active dans le domaine des technologies \u00e9ducatives, faisant partie de la Facult\u00e9 de Psychologie et des Sciences de l&rsquo;Education de l&rsquo;Universit\u00e9 de Gen\u00e8ve. Elle propose un programme de Master (MALTT), dont fait notamment partie le cours de conception de jeux vid\u00e9o p\u00e9dagogiques VIP. Une id\u00e9e de projet ?&#8230;<\/p>\n","protected":false},"author":1,"featured_media":0,"parent":0,"menu_order":0,"comment_status":"closed","ping_status":"closed","template":"","meta":{"wpupg_custom_link":[],"wpupg_custom_link_behaviour":["default"],"wpupg_custom_link_nofollow":[],"wpupg_custom_image":[],"wpupg_custom_image_id":[],"footnotes":""},"class_list":["post-660","page","type-page","status-publish","hentry"],"_links":{"self":[{"href":"https:\/\/tecfa.unige.ch\/jeux\/wp-json\/wp\/v2\/pages\/660","targetHints":{"allow":["GET"]}}],"collection":[{"href":"https:\/\/tecfa.unige.ch\/jeux\/wp-json\/wp\/v2\/pages"}],"about":[{"href":"https:\/\/tecfa.unige.ch\/jeux\/wp-json\/wp\/v2\/types\/page"}],"author":[{"embeddable":true,"href":"https:\/\/tecfa.unige.ch\/jeux\/wp-json\/wp\/v2\/users\/1"}],"replies":[{"embeddable":true,"href":"https:\/\/tecfa.unige.ch\/jeux\/wp-json\/wp\/v2\/comments?post=660"}],"version-history":[{"count":38,"href":"https:\/\/tecfa.unige.ch\/jeux\/wp-json\/wp\/v2\/pages\/660\/revisions"}],"predecessor-version":[{"id":1774,"href":"https:\/\/tecfa.unige.ch\/jeux\/wp-json\/wp\/v2\/pages\/660\/revisions\/1774"}],"wp:attachment":[{"href":"https:\/\/tecfa.unige.ch\/jeux\/wp-json\/wp\/v2\/media?parent=660"}],"curies":[{"name":"wp","href":"https:\/\/api.w.org\/{rel}","templated":true}]}}