{"id":657,"date":"2015-10-02T18:14:05","date_gmt":"2015-10-02T18:14:05","guid":{"rendered":"http:\/\/tecfa.unige.ch\/tecfa\/maltt\/VIP\/Wordpress\/?page_id=657"},"modified":"2017-03-23T10:54:49","modified_gmt":"2017-03-23T10:54:49","slug":"presentation","status":"publish","type":"page","link":"https:\/\/tecfa.unige.ch\/jeux\/presentation\/","title":{"rendered":"Pr\u00e9sentation"},"content":{"rendered":"<p>Le cours Jeux Vid\u00e9o P\u00e9dagogiques (VIP) vise \u00e0 former \u00e0 analyser et concevoir des jeux vid\u00e9o destin\u00e9s \u00e0 l&rsquo;apprentissage. Pour cela, il s&rsquo;appuie essentiellement sur une p\u00e9dagogique par projet, dans laquelle les \u00e9tudiants sont amen\u00e9s \u00e0 concevoir de A \u00e0 Z un jeu, pour r\u00e9pondre \u00e0 un besoin r\u00e9el d&rsquo;un commanditaire.<\/p>\n<p>Suivant la trame du master MALTT, formation hybride pr\u00e9sentiel &#8211; distance, le cours s&rsquo;articule en deux parties :<\/p>\n<p>* au semestre d&rsquo;automne (septembre-janvier), les \u00e9tudiants, tout en se formant au concepts de bases des des jeux vid\u00e9o p\u00e9dagogique, contactent le commanditaire, analysent le besoin et con\u00e7oivent des solutions sous forme de jeu vid\u00e9o. Ils se retrouvent \u00e0 trois reprises mais font l&rsquo;essentiel du travail \u00e0 distance;<\/p>\n<p>* au semestre de printemps (g\u00e9n\u00e9ralement mois d&rsquo;avril), les \u00e9tudiants se retrouvent pour une semaine intense de travail sur le projet, puis quatre semaines \u00e0 distance pour finaliser le jeu.<\/p>\n<p>Notre approche consiste \u00e0 privil\u00e9gier l&rsquo;innovation, en poussant les \u00e9tudiants \u00e0 ne pas se contenter des premi\u00e8res id\u00e9es, \u00e0 bien comprendre les besoins et \u00e0 explorer des solutions originales et adapt\u00e9es. Pour cela, la d\u00e9marche est it\u00e9rative, et s&rsquo;appuie notamment, au semestre de printemps, sur le prototypage papier, d\u00e9marche extr\u00eamement efficace pour it\u00e9rer une solution de nombreuses fois sur une semaine de travail.<\/p>\n<p>Si un des jeux r\u00e9alis\u00e9s vous int\u00e9resse, n&rsquo;h\u00e9sitez-pas \u00e0 nous contacter pour l&rsquo;utiliser dans votre contexte.<\/p>\n<p>Si vous avez un besoin de formation et souhaitez que nos \u00e9tudiants s&rsquo;y consacrent pour produire un jeu vid\u00e9o p\u00e9dagogique sur mesure, <a href=\"http:\/\/tecfa.unige.ch\/tecfa\/maltt\/VIP\/Wordpress\/contact\">contactez-nous<\/a>\u00a0!<\/p>\n","protected":false},"excerpt":{"rendered":"<p>Le cours Jeux Vid\u00e9o P\u00e9dagogiques (VIP) vise \u00e0 former \u00e0 analyser et concevoir des jeux vid\u00e9o destin\u00e9s \u00e0 l&rsquo;apprentissage. Pour cela, il s&rsquo;appuie essentiellement sur une p\u00e9dagogique par projet, dans laquelle les \u00e9tudiants sont amen\u00e9s \u00e0 concevoir de A \u00e0 Z un jeu, pour r\u00e9pondre \u00e0 un besoin r\u00e9el d&rsquo;un commanditaire. Suivant la trame du&#8230;<\/p>\n","protected":false},"author":1,"featured_media":0,"parent":0,"menu_order":0,"comment_status":"closed","ping_status":"closed","template":"","meta":{"wpupg_custom_link":[],"wpupg_custom_link_behaviour":[],"wpupg_custom_link_nofollow":[],"wpupg_custom_image":[],"wpupg_custom_image_id":[],"footnotes":""},"class_list":["post-657","page","type-page","status-publish","hentry"],"_links":{"self":[{"href":"https:\/\/tecfa.unige.ch\/jeux\/wp-json\/wp\/v2\/pages\/657","targetHints":{"allow":["GET"]}}],"collection":[{"href":"https:\/\/tecfa.unige.ch\/jeux\/wp-json\/wp\/v2\/pages"}],"about":[{"href":"https:\/\/tecfa.unige.ch\/jeux\/wp-json\/wp\/v2\/types\/page"}],"author":[{"embeddable":true,"href":"https:\/\/tecfa.unige.ch\/jeux\/wp-json\/wp\/v2\/users\/1"}],"replies":[{"embeddable":true,"href":"https:\/\/tecfa.unige.ch\/jeux\/wp-json\/wp\/v2\/comments?post=657"}],"version-history":[{"count":14,"href":"https:\/\/tecfa.unige.ch\/jeux\/wp-json\/wp\/v2\/pages\/657\/revisions"}],"predecessor-version":[{"id":1130,"href":"https:\/\/tecfa.unige.ch\/jeux\/wp-json\/wp\/v2\/pages\/657\/revisions\/1130"}],"wp:attachment":[{"href":"https:\/\/tecfa.unige.ch\/jeux\/wp-json\/wp\/v2\/media?parent=657"}],"curies":[{"name":"wp","href":"https:\/\/api.w.org\/{rel}","templated":true}]}}