{"id":1635,"date":"2019-09-22T19:38:17","date_gmt":"2019-09-22T19:38:17","guid":{"rendered":"http:\/\/tecfa.unige.ch\/jeux\/?page_id=1635"},"modified":"2019-09-22T20:46:37","modified_gmt":"2019-09-22T20:46:37","slug":"plus","status":"publish","type":"page","link":"https:\/\/tecfa.unige.ch\/jeux\/plus\/","title":{"rendered":"Plus"},"content":{"rendered":"<h1 style=\"text-align: center; padding-bottom: 35px;\"><!--Image created by Willdabeast under CC BY 3.0 \/ Source: http:\/\/game-icons.net\/willdabeast\/deviations\/white-book.html--><br \/>\n<img decoding=\"async\" class=\"alignnone\" style=\"display: inline; vertical-align: middle; margin-right: 20px; height: 5.5rem;\" src=\"https:\/\/tecfa.unige.ch\/jeux\/\/wp-content\/uploads\/2018\/03\/white-book.png\" alt=\"\" width=\"55\" height=\"55\" \/>Bibliographie<\/h1>\n<p style=\"font-size: 2rem;padding:0 4em;text-align:center;\">Une bibliographie annot\u00e9e et collaborative sur les jeux vid\u00e9os p\u00e9dagogiques r\u00e9alis\u00e9e et compl\u00e9t\u00e9e chaque ann\u00e9e par les \u00e9tudiants du cours VIP !<\/p>\n<p style=\"text-align:center;padding:2em;\"><a class=\"maxbutton-7 maxbutton maxbutton-acceder-a-la-bibliographie\" title=\"bibliographie annot\u00e9e - Jeux vid\u00e9o p\u00e9dagogiques\" href=\"http:\/\/tecfa.unige.ch\/jeux\/Bibliographie\"><span class='mb-text'>Acc\u00e9der \u00e0 la bibliographie<\/span><\/a><\/p>\n<hr>\n<h1 style=\"text-align: center; padding-bottom: 35px;\"><!--Image created by Delapouite under CC BY 3.0 \/ Source: http:\/\/game-icons.net\/delapouite\/originals\/graduate-cap.html--><br \/>\n<img decoding=\"async\" style=\"display: inline; vertical-align: middle; margin-right: 20px; height: 6.6rem;\" src=\"https:\/\/tecfa.unige.ch\/jeux\/\/wp-content\/uploads\/2018\/03\/graduate-cap.png\" alt=\"\" \/>Exercices outils auteurs<\/h1>\n<p style=\"font-size: 2rem;padding:0 4em;text-align:center;\">Quelques cr\u00e9ations des \u00e9tudiants lors de leur prise en main des outils auteurs pour le d\u00e9veloppement de jeux.<\/p>\n","protected":false},"excerpt":{"rendered":"<p>Bibliographie Une bibliographie annot\u00e9e et collaborative sur les jeux vid\u00e9os p\u00e9dagogiques r\u00e9alis\u00e9e et compl\u00e9t\u00e9e chaque ann\u00e9e par les \u00e9tudiants du cours VIP ! Exercices outils auteurs Quelques cr\u00e9ations des \u00e9tudiants lors de leur prise en main des outils auteurs pour le d\u00e9veloppement de jeux.<\/p>\n","protected":false},"author":1,"featured_media":0,"parent":0,"menu_order":0,"comment_status":"closed","ping_status":"closed","template":"","meta":{"wpupg_custom_link":[],"wpupg_custom_link_behaviour":["default"],"wpupg_custom_link_nofollow":[],"wpupg_custom_image":[],"wpupg_custom_image_id":[],"footnotes":""},"class_list":["post-1635","page","type-page","status-publish","hentry"],"_links":{"self":[{"href":"https:\/\/tecfa.unige.ch\/jeux\/wp-json\/wp\/v2\/pages\/1635","targetHints":{"allow":["GET"]}}],"collection":[{"href":"https:\/\/tecfa.unige.ch\/jeux\/wp-json\/wp\/v2\/pages"}],"about":[{"href":"https:\/\/tecfa.unige.ch\/jeux\/wp-json\/wp\/v2\/types\/page"}],"author":[{"embeddable":true,"href":"https:\/\/tecfa.unige.ch\/jeux\/wp-json\/wp\/v2\/users\/1"}],"replies":[{"embeddable":true,"href":"https:\/\/tecfa.unige.ch\/jeux\/wp-json\/wp\/v2\/comments?post=1635"}],"version-history":[{"count":11,"href":"https:\/\/tecfa.unige.ch\/jeux\/wp-json\/wp\/v2\/pages\/1635\/revisions"}],"predecessor-version":[{"id":1650,"href":"https:\/\/tecfa.unige.ch\/jeux\/wp-json\/wp\/v2\/pages\/1635\/revisions\/1650"}],"wp:attachment":[{"href":"https:\/\/tecfa.unige.ch\/jeux\/wp-json\/wp\/v2\/media?parent=1635"}],"curies":[{"name":"wp","href":"https:\/\/api.w.org\/{rel}","templated":true}]}}